{"id":209,"date":"2018-11-21T10:28:47","date_gmt":"2018-11-21T09:28:47","guid":{"rendered":"http:\/\/www.fgziefen.ch\/?page_id=209"},"modified":"2024-05-23T21:38:20","modified_gmt":"2024-05-23T20:38:20","slug":"unsere-dienstleistung","status":"publish","type":"page","link":"https:\/\/www.fgziefen.ch\/?page_id=209","title":{"rendered":"Unsere Dienstleistungen"},"content":{"rendered":"<p>Die FGZ stellt ihnen ein hochmodernes und stabiles Glasfaser-Kabelnetz zur Verf\u00fcgung.<\/p>\n<p>Unsere Partner:<br \/>\nBreitband.ch \/ FG Bubendorf \/ Geissmann Multimedianetze<\/p>\n<p>Haben Sie Probleme beim einrichten des neuen TV-Ger\u00e4tes?*<br \/>\nWelche Produkte von Breitband sind die richtigen f\u00fcr mich?<br \/>\nL\u00e4uft die Set-Top-Box von Breitband nicht so wie sie soll?<br \/>\nKein Internet obwohl das Modem angeschlossen ist?<br \/>\nIst das Wifi-Signal zu schlecht?<\/p>\n<p>Wir helfen Ihnen!<br \/>\nTel: 061 599 44 17 oder via Mail: office@fgziefen.ch<\/p>\n<p>* Support der g\u00e4ngigen TV Hersteller wie Samsung, LG, Phillips, Nokia, etc.<br \/>\nBei L\u00f6we-Ger\u00e4te k\u00f6nnen wir nur beschr\u00e4nkten Support bieten<\/p>\n<p>&nbsp;<\/p>\n<p>&nbsp;<\/p>\n","protected":false},"excerpt":{"rendered":"<p>Die FGZ stellt ihnen ein hochmodernes und stabiles Glasfaser-Kabelnetz zur Verf\u00fcgung. Unsere Partner: Breitband.ch \/ FG Bubendorf \/ Geissmann Multimedianetze Haben Sie Probleme beim einrichten des neuen TV-Ger\u00e4tes?* Welche Produkte von Breitband sind die richtigen f\u00fcr mich? L\u00e4uft die Set-Top-Box von Breitband nicht so wie sie soll? Kein Internet obwohl das Modem angeschlossen ist? Ist &hellip; <\/p>\n<p class=\"link-more\"><a href=\"https:\/\/www.fgziefen.ch\/?page_id=209\" class=\"more-link\"><span class=\"screen-reader-text\">\u201eUnsere Dienstleistungen\u201c <\/span>weiterlesen<\/a><\/p>\n","protected":false},"author":1,"featured_media":0,"parent":0,"menu_order":0,"comment_status":"closed","ping_status":"closed","template":"","meta":{"footnotes":""},"class_list":["post-209","page","type-page","status-publish","hentry"],"_links":{"self":[{"href":"https:\/\/www.fgziefen.ch\/index.php?rest_route=\/wp\/v2\/pages\/209","targetHints":{"allow":["GET"]}}],"collection":[{"href":"https:\/\/www.fgziefen.ch\/index.php?rest_route=\/wp\/v2\/pages"}],"about":[{"href":"https:\/\/www.fgziefen.ch\/index.php?rest_route=\/wp\/v2\/types\/page"}],"author":[{"embeddable":true,"href":"https:\/\/www.fgziefen.ch\/index.php?rest_route=\/wp\/v2\/users\/1"}],"replies":[{"embeddable":true,"href":"https:\/\/www.fgziefen.ch\/index.php?rest_route=%2Fwp%2Fv2%2Fcomments&post=209"}],"version-history":[{"count":9,"href":"https:\/\/www.fgziefen.ch\/index.php?rest_route=\/wp\/v2\/pages\/209\/revisions"}],"predecessor-version":[{"id":1115,"href":"https:\/\/www.fgziefen.ch\/index.php?rest_route=\/wp\/v2\/pages\/209\/revisions\/1115"}],"wp:attachment":[{"href":"https:\/\/www.fgziefen.ch\/index.php?rest_route=%2Fwp%2Fv2%2Fmedia&parent=209"}],"curies":[{"name":"wp","href":"https:\/\/api.w.org\/{rel}","templated":true}]}}