{"id":341,"date":"2019-10-19T06:03:51","date_gmt":"2019-10-19T05:03:51","guid":{"rendered":"http:\/\/www.fgziefen.ch\/?page_id=341"},"modified":"2019-10-19T06:03:51","modified_gmt":"2019-10-19T05:03:51","slug":"anschluss-plombieren","status":"publish","type":"page","link":"https:\/\/www.fgziefen.ch\/?page_id=341","title":{"rendered":"Anschluss plombieren"},"content":{"rendered":"\n<div class=\"wpcf7 no-js\" id=\"wpcf7-f343-o1\" lang=\"de-DE\" dir=\"ltr\" data-wpcf7-id=\"343\">\n<div class=\"screen-reader-response\"><p role=\"status\" aria-live=\"polite\" aria-atomic=\"true\"><\/p> <ul><\/ul><\/div>\n<form action=\"\/index.php?rest_route=%2Fwp%2Fv2%2Fpages%2F341#wpcf7-f343-o1\" method=\"post\" class=\"wpcf7-form init\" aria-label=\"Kontaktformular\" novalidate=\"novalidate\" data-status=\"init\">\n<fieldset class=\"hidden-fields-container\"><input type=\"hidden\" name=\"_wpcf7\" value=\"343\" \/><input type=\"hidden\" name=\"_wpcf7_version\" value=\"6.1.5\" \/><input type=\"hidden\" name=\"_wpcf7_locale\" value=\"de_DE\" \/><input type=\"hidden\" name=\"_wpcf7_unit_tag\" value=\"wpcf7-f343-o1\" \/><input type=\"hidden\" name=\"_wpcf7_container_post\" value=\"0\" \/><input type=\"hidden\" name=\"_wpcf7_posted_data_hash\" value=\"\" \/><input type=\"hidden\" name=\"_wpcf7_recaptcha_response\" value=\"\" \/>\n<\/fieldset>\n<p>Dieses Formular funktioniert nicht mit dem Internet Explorer und Safari.<br \/>\nBitte nutzen Sie Edge, Opera, Chrome oder Firefox.\n<\/p>\n<p><label> Vorname (Pflichtfeld)<br \/>\n<span class=\"wpcf7-form-control-wrap\" data-name=\"vor-name\"><input size=\"40\" maxlength=\"400\" class=\"wpcf7-form-control wpcf7-text wpcf7-validates-as-required\" aria-required=\"true\" aria-invalid=\"false\" value=\"\" type=\"text\" name=\"vor-name\" \/><\/span> <\/label>\n<\/p>\n<p><label> Nachname (Pflichtfeld)<br \/>\n<span class=\"wpcf7-form-control-wrap\" data-name=\"nach-name\"><input size=\"40\" maxlength=\"400\" class=\"wpcf7-form-control wpcf7-text wpcf7-validates-as-required\" aria-required=\"true\" aria-invalid=\"false\" value=\"\" type=\"text\" name=\"nach-name\" \/><\/span> <\/label>\n<\/p>\n<p><label> FGZ-Kundennr. (Pflichtfeld)<br \/>\n<span class=\"wpcf7-form-control-wrap\" data-name=\"fgz-nr\"><input size=\"40\" maxlength=\"400\" class=\"wpcf7-form-control wpcf7-text wpcf7-validates-as-required\" aria-required=\"true\" aria-invalid=\"false\" value=\"\" type=\"text\" name=\"fgz-nr\" \/><\/span> <\/label>\n<\/p>\n<p><label> Strasse und Hausnummer (Pflichtfeld)<br \/>\n<span class=\"wpcf7-form-control-wrap\" data-name=\"StrasseundHausnummer\"><input size=\"40\" maxlength=\"400\" class=\"wpcf7-form-control wpcf7-text wpcf7-validates-as-required\" aria-required=\"true\" aria-invalid=\"false\" value=\"\" type=\"text\" name=\"StrasseundHausnummer\" \/><\/span> <\/label>\n<\/p>\n<p><label> Ihre E-Mail-Adresse (Pflichtfeld)<br \/>\n<span class=\"wpcf7-form-control-wrap\" data-name=\"your-email\"><input size=\"40\" maxlength=\"400\" class=\"wpcf7-form-control wpcf7-email wpcf7-validates-as-required wpcf7-text wpcf7-validates-as-email\" aria-required=\"true\" aria-invalid=\"false\" value=\"\" type=\"email\" name=\"your-email\" \/><\/span> <\/label>\n<\/p>\n<p><label> Betreff<br \/>\n<span class=\"wpcf7-form-control-wrap\" data-name=\"your-subject\"><input size=\"40\" maxlength=\"400\" class=\"wpcf7-form-control wpcf7-text\" aria-invalid=\"false\" value=\"\" type=\"text\" name=\"your-subject\" \/><\/span> <\/label>\n<\/p>\n<p><label> Telefonnummer f\u00fcr R\u00fcckfragen<br \/>\n<span class=\"wpcf7-form-control-wrap\" data-name=\"tel-696\"><input size=\"40\" maxlength=\"400\" class=\"wpcf7-form-control wpcf7-tel wpcf7-validates-as-required wpcf7-text wpcf7-validates-as-tel\" aria-required=\"true\" aria-invalid=\"false\" placeholder=\"061\/079\" value=\"\" type=\"tel\" name=\"tel-696\" \/><\/span> <\/label>\n<\/p>\n<p>Liegenschaft:<br \/>\nBeziehung <span class=\"wpcf7-form-control-wrap\" data-name=\"Miet-Eigentum\"><select class=\"wpcf7-form-control wpcf7-select wpcf7-validates-as-required\" aria-required=\"true\" aria-invalid=\"false\" name=\"Miet-Eigentum\"><option value=\"\">&#8211; Bitte ausw\u00e4hlen &#8211;<\/option><option value=\"Mietwohnung\">Mietwohnung<\/option><option value=\"Eigentum\">Eigentum<\/option><\/select><\/span>\n<\/p>\n<p>Objekt <span class=\"wpcf7-form-control-wrap\" data-name=\"Wohung\"><select class=\"wpcf7-form-control wpcf7-select wpcf7-validates-as-required\" aria-required=\"true\" aria-invalid=\"false\" name=\"Wohung\"><option value=\"\">&#8211; Bitte ausw\u00e4hlen &#8211;<\/option><option value=\"Haus (EFH,Reihenhaus)\">Haus (EFH,Reihenhaus)<\/option><option value=\"Wohnung\">Wohnung<\/option><option value=\"Gesch\u00e4ftsliegenschaft\">Gesch\u00e4ftsliegenschaft<\/option><\/select><\/span>\n<\/p>\n<p>Wenn Mietobjekt, bitte Kontaktinformation des Mieters, zur Terminabsprache, angeben:<br \/>\n<label> Vor und Nachname des Mieters<br \/>\n<span class=\"wpcf7-form-control-wrap\" data-name=\"Mietername\"><input size=\"40\" maxlength=\"400\" class=\"wpcf7-form-control wpcf7-text\" aria-invalid=\"false\" value=\"\" type=\"text\" name=\"Mietername\" \/><\/span> <\/label>\n<\/p>\n<p><label> E-Mail-Adresse des Mieters<br \/>\n<span class=\"wpcf7-form-control-wrap\" data-name=\"Emailmieter\"><input size=\"40\" maxlength=\"400\" class=\"wpcf7-form-control wpcf7-email wpcf7-text wpcf7-validates-as-email\" aria-invalid=\"false\" value=\"\" type=\"email\" name=\"Emailmieter\" \/><\/span> <\/label>\n<\/p>\n<p><label> Telefonnummer des Mieters<br \/>\n<span class=\"wpcf7-form-control-wrap\" data-name=\"Tel_Mieter\"><input size=\"40\" maxlength=\"400\" class=\"wpcf7-form-control wpcf7-tel wpcf7-text wpcf7-validates-as-tel\" aria-invalid=\"false\" placeholder=\"061\/079\" value=\"\" type=\"tel\" name=\"Tel_Mieter\" \/><\/span> <\/label>\n<\/p>\n<p>Der Anschluss kann nur mit einer 3 monatigen K\u00fcndigungsfrist, auf Ende Kalenderjahr gek\u00fcndigt werden. Unterj\u00e4hrige K\u00fcndigungen sind nicht m\u00f6glich.\n<\/p>\n<p>K\u00fcndigungsbedingungen:<br \/>\nDie Plombierung (Deaktivierung) des Anschlusses erfolgt erst nach vorg\u00e4ngiger Begleichung aller Betriebsgeb\u00fchren.<br \/>\nBei nicht p\u00fcnktlicher Bezahlung wird der Plombierungsauftrag sistiert und die Betriebsgeb\u00fchren werden weiter verrechnet.<br \/>\n<span class=\"wpcf7-form-control-wrap\" data-name=\"acceptance-212\"><span class=\"wpcf7-form-control wpcf7-acceptance\"><span class=\"wpcf7-list-item\"><label><input type=\"checkbox\" name=\"acceptance-212\" value=\"1\" aria-invalid=\"false\" \/><span class=\"wpcf7-list-item-label\">Ich habe die K\u00fcndigungsbedingungen gelesen und akzeptiert<\/span><\/label><\/span><\/span><\/span>\n<\/p>\n<p><label> Ihre Nachricht<br \/>\n<span class=\"wpcf7-form-control-wrap\" data-name=\"your-message\"><textarea cols=\"40\" rows=\"10\" maxlength=\"2000\" class=\"wpcf7-form-control wpcf7-textarea\" aria-invalid=\"false\" name=\"your-message\"><\/textarea><\/span> <\/label>\n<\/p>\n<p><input class=\"wpcf7-form-control wpcf7-submit has-spinner\" type=\"submit\" value=\"Senden\" \/>\n<\/p>\n<p>Bei der Meldung dass Die Nachricht nicht \u00fcbermittelt werden konnte, bitte Senden wiederholen\n<\/p><input type='hidden' class='wpcf7-pum' value='{\"closepopup\":false,\"closedelay\":0,\"openpopup\":false,\"openpopup_id\":0}' \/><div class=\"wpcf7-response-output\" aria-hidden=\"true\"><\/div>\n<\/form>\n<\/div>\n\n","protected":false},"excerpt":{"rendered":"","protected":false},"author":1,"featured_media":0,"parent":0,"menu_order":0,"comment_status":"closed","ping_status":"closed","template":"","meta":{"footnotes":""},"class_list":["post-341","page","type-page","status-publish","hentry"],"_links":{"self":[{"href":"https:\/\/www.fgziefen.ch\/index.php?rest_route=\/wp\/v2\/pages\/341","targetHints":{"allow":["GET"]}}],"collection":[{"href":"https:\/\/www.fgziefen.ch\/index.php?rest_route=\/wp\/v2\/pages"}],"about":[{"href":"https:\/\/www.fgziefen.ch\/index.php?rest_route=\/wp\/v2\/types\/page"}],"author":[{"embeddable":true,"href":"https:\/\/www.fgziefen.ch\/index.php?rest_route=\/wp\/v2\/users\/1"}],"replies":[{"embeddable":true,"href":"https:\/\/www.fgziefen.ch\/index.php?rest_route=%2Fwp%2Fv2%2Fcomments&post=341"}],"version-history":[{"count":5,"href":"https:\/\/www.fgziefen.ch\/index.php?rest_route=\/wp\/v2\/pages\/341\/revisions"}],"predecessor-version":[{"id":381,"href":"https:\/\/www.fgziefen.ch\/index.php?rest_route=\/wp\/v2\/pages\/341\/revisions\/381"}],"wp:attachment":[{"href":"https:\/\/www.fgziefen.ch\/index.php?rest_route=%2Fwp%2Fv2%2Fmedia&parent=341"}],"curies":[{"name":"wp","href":"https:\/\/api.w.org\/{rel}","templated":true}]}}