{"id":46,"date":"2018-01-17T06:48:44","date_gmt":"2018-01-17T06:48:44","guid":{"rendered":"http:\/\/liwonet.ch\/cmsfgz\/?page_id=46"},"modified":"2024-12-05T09:09:52","modified_gmt":"2024-12-05T08:09:52","slug":"stoerungen","status":"publish","type":"page","link":"https:\/\/www.fgziefen.ch\/?page_id=46","title":{"rendered":"Wichtige Informationen"},"content":{"rendered":"<div id=\"cc-m-7422273494\"><strong><span style=\"color: #000000;\">Bei einem Ausfall oder einer St\u00f6rung bei Ihrem TV, Internet oder Telefon:<\/span><\/strong><br \/>\n<span style=\"color: #000000;\">Pr\u00fcfen Sie bitte, ob Ihr Ger\u00e4t ordnungsgem\u00e4ss angeschlossen ist und ob vielleicht in der Nachbarschaft dieselbe St\u00f6rung auch auftritt.<\/span><\/div>\n<div><\/div>\n<p><span style=\"color: #0000ff;\">Unser St\u00f6rungsdienst steht f\u00fcr Sie 24-Stunden unter folgender Nummer zur Verf\u00fcgung:<\/span><strong><span style=\"color: #000000;\"><br \/>\n<\/span><\/strong><\/p>\n<p style=\"text-align: left;\"><span style=\"color: #0000ff;\"><strong>Tel: 061 599 44 16<\/strong><\/span><\/p>\n<p>&nbsp;<\/p>\n<p id=\"cc-m-7422268594\"><strong><span style=\"color: #000000;\">Ausfall nur von Internet und\/oder Telefon sowie TV \u00fcber die Set-Top Box: <\/span><\/strong><\/p>\n<p><span style=\"color: #0000ff;\"><strong>Breitband.ch Tel: 061 826 93 07 <\/strong><\/span><\/p>\n<h4><strong><span style=\"font-size: 1.5rem;\"><br \/>\nTV \/ Fernsehger\u00e4teinstellung (Nur DVB-C):<\/span><\/strong><\/h4>\n<table border=\"0\" width=\"100%\" cellspacing=\"0\" cellpadding=\"1\">\n<tbody>\n<tr>\n<td>Antennentyp:<\/td>\n<td>Kabel, Digital, DVB-C<\/td>\n<\/tr>\n<tr>\n<td>Sendertyp:<\/td>\n<td>Digital<\/td>\n<\/tr>\n<tr>\n<td>Netzwerkeinstellung:<\/td>\n<td>Manuell<\/td>\n<\/tr>\n<tr>\n<td>Network-ID:<\/td>\n<td><strong>11123<\/strong><\/td>\n<\/tr>\n<tr>\n<td>Frequenz MHz:<\/td>\n<td><strong>530<\/strong><\/td>\n<\/tr>\n<tr>\n<td>Frequenz kHz:<\/td>\n<td><strong>530000<\/strong><\/td>\n<\/tr>\n<tr>\n<td>Modulation:<\/td>\n<td><strong>QAM256<\/strong><\/td>\n<\/tr>\n<tr>\n<td>Symbolrate:<\/td>\n<td><strong>6900<\/strong><\/td>\n<\/tr>\n<\/tbody>\n<\/table>\n<p>&nbsp;<\/p>\n","protected":false},"excerpt":{"rendered":"<p>Bei einem Ausfall oder einer St\u00f6rung bei Ihrem TV, Internet oder Telefon: Pr\u00fcfen Sie bitte, ob Ihr Ger\u00e4t ordnungsgem\u00e4ss angeschlossen ist und ob vielleicht in der Nachbarschaft dieselbe St\u00f6rung auch auftritt. Unser St\u00f6rungsdienst steht f\u00fcr Sie 24-Stunden unter folgender Nummer zur Verf\u00fcgung: Tel: 061 599 44 16 &nbsp; Ausfall nur von Internet und\/oder Telefon sowie &hellip; <\/p>\n<p class=\"link-more\"><a href=\"https:\/\/www.fgziefen.ch\/?page_id=46\" class=\"more-link\"><span class=\"screen-reader-text\">\u201eWichtige Informationen\u201c <\/span>weiterlesen<\/a><\/p>\n","protected":false},"author":1,"featured_media":0,"parent":0,"menu_order":0,"comment_status":"closed","ping_status":"closed","template":"","meta":{"footnotes":""},"class_list":["post-46","page","type-page","status-publish","hentry"],"_links":{"self":[{"href":"https:\/\/www.fgziefen.ch\/index.php?rest_route=\/wp\/v2\/pages\/46","targetHints":{"allow":["GET"]}}],"collection":[{"href":"https:\/\/www.fgziefen.ch\/index.php?rest_route=\/wp\/v2\/pages"}],"about":[{"href":"https:\/\/www.fgziefen.ch\/index.php?rest_route=\/wp\/v2\/types\/page"}],"author":[{"embeddable":true,"href":"https:\/\/www.fgziefen.ch\/index.php?rest_route=\/wp\/v2\/users\/1"}],"replies":[{"embeddable":true,"href":"https:\/\/www.fgziefen.ch\/index.php?rest_route=%2Fwp%2Fv2%2Fcomments&post=46"}],"version-history":[{"count":18,"href":"https:\/\/www.fgziefen.ch\/index.php?rest_route=\/wp\/v2\/pages\/46\/revisions"}],"predecessor-version":[{"id":1274,"href":"https:\/\/www.fgziefen.ch\/index.php?rest_route=\/wp\/v2\/pages\/46\/revisions\/1274"}],"wp:attachment":[{"href":"https:\/\/www.fgziefen.ch\/index.php?rest_route=%2Fwp%2Fv2%2Fmedia&parent=46"}],"curies":[{"name":"wp","href":"https:\/\/api.w.org\/{rel}","templated":true}]}}