{"id":7,"date":"2017-09-22T11:30:00","date_gmt":"2017-09-22T11:30:00","guid":{"rendered":"http:\/\/liwonet.ch\/cmsfgz\/?page_id=7"},"modified":"2024-05-23T20:52:30","modified_gmt":"2024-05-23T19:52:30","slug":"test-1","status":"publish","type":"page","link":"https:\/\/www.fgziefen.ch\/?page_id=7","title":{"rendered":"\u00dcber uns"},"content":{"rendered":"<div id=\"cc-m-10994436594\" class=\"j-module n j-text \">\n<p><strong>Unser Motto: Vom Dorf f\u00fcrs Dorf<\/strong><\/p>\n<p>Der gesamte Vorstand ist mit Ziefen verwurzelt. Wir arbeiten in der FGZ f\u00fcr unser Dorf mit dem Ziel, dass wir als kleine Genossenschaft unabh\u00e4ngig agieren k\u00f6nnen. Wir stellen unseren Genossenschaftlern ein hoch verf\u00fcgbares und modernes Kabelnetz zur Verf\u00fcgung.<br \/>\nIn Zusammenarbeit mit unseren Regionalen Partnern, der WD Regionet aus Oensingen und der <strong>Breitband.ch<\/strong> aus Pratteln k\u00f6nnen wir ein erstklassiges Angebot f\u00fcr Sie bereitstellen.<\/p>\n<p>Bei Fragen rund um die FGZ wenden Sie sich prim\u00e4r an die Email-Adresse: office@fgziefen.ch\u00a0 oder telefonisch an\u00a0 061 599 44 17<\/p>\n<p><strong>St\u00f6rungen melden Sie bitte unter der Nummer: 061 599 44 16 (24h)<\/strong><\/p>\n<\/div>\n<div id=\"cc-m-7422240694\" class=\"j-module n j-text \">\n<p>Postadresse:<br \/>\nFernsehgenossenschaft Ziefen<br \/>\nPostfach 8<br \/>\n4417 Ziefen<br \/>\nEmail: office@fgziefen.ch<br \/>\n<strong>Telefon: 061 599 44 17<\/strong><\/p>\n<h3><strong>Pr\u00e4sident:<\/strong><\/h3>\n<p><img loading=\"lazy\" decoding=\"async\" class=\"wp-image-420 alignleft\" src=\"http:\/\/www.fgziefen.ch\/wp-content\/uploads\/2019\/12\/StefanWagnerPortrait-200x300.jpg\" alt=\"\" width=\"109\" height=\"164\" srcset=\"https:\/\/www.fgziefen.ch\/wp-content\/uploads\/2019\/12\/StefanWagnerPortrait-200x300.jpg 200w, https:\/\/www.fgziefen.ch\/wp-content\/uploads\/2019\/12\/StefanWagnerPortrait.jpg 450w\" sizes=\"auto, (max-width: 109px) 100vw, 109px\" \/><\/p>\n<p>Stefan Wagner<br \/>\nMittlere Chl\u00e4beren 4<br \/>\n4418 Reigoldswil<\/p>\n<p>Telefon: 061 599 44 17<br \/>\nMobile:\u00a0 079 616 94 98<br \/>\nemail: <a title=\"fgz@eblcom.ch\" href=\"mailto:stefan.wagner@fgziefen.ch\" target=\"_blank\" rel=\"noopener noreferrer\">stefan.wagner(at)fgziefen.ch<\/a><\/p>\n<p>&nbsp;<\/p>\n<h3><strong>Vizepr\u00e4sident:<\/strong><\/h3>\n<p>Claudius Tschopp<br \/>\nHintermattstrasse 28<br \/>\n4417 Ziefen<\/p>\n<p>Technik und Kundensupport:<br \/>\nTelefon: 061 599 44 17<br \/>\nemail: <a href=\"mailto:claudius.tschopp@fgziefen.ch\" target=\"_blank\" rel=\"noopener noreferrer\">claudius.tschopp(at)fgziefen.ch<\/a><\/p>\n<p>&nbsp;<\/p>\n<p>&nbsp;<\/p>\n<\/div>\n<div id=\"cc-m-7428046094\" class=\"j-module n j-text \">\n<h3 id=\"cc-m-header-7428045194\" class=\"headline cc-m-header-inline-rte\" contenteditable=\"true\" data-action=\"header\" data-name=\"header\"><strong>Kassierin:<\/strong><\/h3>\n<p>Mona Cao<br \/>\nB\u00fcntenackerweg 27<br \/>\n4417 Ziefen<\/p>\n<p>Tel.: 061 931 10 40<br \/>\nemail: <a href=\"mailto:mona.cao@fgziefen.ch\" target=\"_blank\" rel=\"noopener noreferrer\">mona.cao(at)fgziefen.ch<\/a><\/p>\n<\/div>\n<p>&nbsp;<\/p>\n<p>&nbsp;<\/p>\n<h3 id=\"cc-m-header-7428045194\" class=\"headline cc-m-header-inline-rte\" contenteditable=\"true\" data-action=\"header\" data-name=\"header\"><strong>Aktuar:<\/strong><\/h3>\n<p>Michel Capobianco<br \/>\nGrubenackerweg 21<br \/>\n4417 Ziefen<\/p>\n<p>email: <a href=\"mailto:michel.capobianco@fgziefen.ch\" target=\"_blank\" rel=\"noopener noreferrer\">michel.capobianco(at)fgziefen.ch<\/a><\/p>\n<div id=\"cc-m-7428053194\" class=\"j-module n j-text \">\n<p>&nbsp;<\/p>\n<p>&nbsp;<\/p>\n<\/div>\n","protected":false},"excerpt":{"rendered":"<p>Unser Motto: Vom Dorf f\u00fcrs Dorf Der gesamte Vorstand ist mit Ziefen verwurzelt. Wir arbeiten in der FGZ f\u00fcr unser Dorf mit dem Ziel, dass wir als kleine Genossenschaft unabh\u00e4ngig agieren k\u00f6nnen. Wir stellen unseren Genossenschaftlern ein hoch verf\u00fcgbares und modernes Kabelnetz zur Verf\u00fcgung. In Zusammenarbeit mit unseren Regionalen Partnern, der WD Regionet aus Oensingen &hellip; <\/p>\n<p class=\"link-more\"><a href=\"https:\/\/www.fgziefen.ch\/?page_id=7\" class=\"more-link\"><span class=\"screen-reader-text\">\u201e\u00dcber uns\u201c <\/span>weiterlesen<\/a><\/p>\n","protected":false},"author":1,"featured_media":0,"parent":0,"menu_order":0,"comment_status":"closed","ping_status":"closed","template":"","meta":{"footnotes":""},"class_list":["post-7","page","type-page","status-publish","hentry"],"_links":{"self":[{"href":"https:\/\/www.fgziefen.ch\/index.php?rest_route=\/wp\/v2\/pages\/7","targetHints":{"allow":["GET"]}}],"collection":[{"href":"https:\/\/www.fgziefen.ch\/index.php?rest_route=\/wp\/v2\/pages"}],"about":[{"href":"https:\/\/www.fgziefen.ch\/index.php?rest_route=\/wp\/v2\/types\/page"}],"author":[{"embeddable":true,"href":"https:\/\/www.fgziefen.ch\/index.php?rest_route=\/wp\/v2\/users\/1"}],"replies":[{"embeddable":true,"href":"https:\/\/www.fgziefen.ch\/index.php?rest_route=%2Fwp%2Fv2%2Fcomments&post=7"}],"version-history":[{"count":26,"href":"https:\/\/www.fgziefen.ch\/index.php?rest_route=\/wp\/v2\/pages\/7\/revisions"}],"predecessor-version":[{"id":1104,"href":"https:\/\/www.fgziefen.ch\/index.php?rest_route=\/wp\/v2\/pages\/7\/revisions\/1104"}],"wp:attachment":[{"href":"https:\/\/www.fgziefen.ch\/index.php?rest_route=%2Fwp%2Fv2%2Fmedia&parent=7"}],"curies":[{"name":"wp","href":"https:\/\/api.w.org\/{rel}","templated":true}]}}