{"id":762,"date":"2022-06-16T06:52:58","date_gmt":"2022-06-16T05:52:58","guid":{"rendered":"https:\/\/www.fgziefen.ch\/?page_id=762"},"modified":"2023-01-15T11:38:26","modified_gmt":"2023-01-15T10:38:26","slug":"fgz-2023","status":"publish","type":"page","link":"https:\/\/www.fgziefen.ch\/?page_id=762","title":{"rendered":"FGZ 2023"},"content":{"rendered":"<h1>\u00c4nderung Signallieferant<\/h1>\n<h2><span style=\"color: #ff0000;\">Januar 2023:<\/span><\/h2>\n<p><span style=\"color: #ff0000;\">Die Signalumstellung findet am 17. januar\u00a0 ab 02:00h in der Nacht statt.<\/span><br \/>\n<span style=\"color: #ff0000;\"><a style=\"color: #ff0000;\" href=\"https:\/\/www.fgziefen.ch\/wp-content\/uploads\/2023\/01\/Senderliste170123fgz.pdf\">Die neue Senderliste finden Sie &gt;hier&lt;<\/a><\/span><\/p>\n<p><span style=\"color: #ff0000;\">Nach diesem Datum m\u00fcssen Sie auf Ihrem TV Ger\u00e4t einen Sendersuchlauf durchf\u00fchren. Bitte konsultieren Sie dazu die Anleitung ihres TV Ger\u00e4tes.<\/span><br \/>\n<span style=\"color: #ff0000;\">Folgende Informationen ben\u00f6tigen Sie f\u00fcr den Suchlauf:<\/span><br \/>\n<span style=\"color: #ff0000;\"><strong>Netzwerk-ID: 11123<\/strong><\/span><br \/>\n<span style=\"color: #ff0000;\"><strong>Frequenz: 530.000 MHz <\/strong><\/span><br \/>\n<span style=\"color: #ff0000;\"><strong>Modulation: 256 QAM <\/strong><\/span><br \/>\n<span style=\"color: #ff0000;\"><strong>Symbolrate: 6900 KS\/s<\/strong><\/span><\/p>\n<h2>26.09.2022<\/h2>\n<p>Die Sunrise betreibt in Ziefen ein aggressives Marketing. So werden Kunden in Ziefen telefonisch kontaktiert, mit einem Rabattangebot den bestehenden Vertrag bei Sunrise mehrj\u00e4hrig zu verl\u00e4ngern. Dem Angebot wird Nachdruck verliehen, dass dieses Rabattangebot nur an diesem Tag gelte.<br \/>\nWir bitten Sie, vom Unterzeichnen solcher Vertr\u00e4gen Abstand zu nehmen.<br \/>\n<strong>Ab dem 17.1.2023 wird das Sunrise-Angebot nicht mehr auf unserem Kabelnetz zur Verf\u00fcgung stehen.<br \/>\n<\/strong><\/p>\n<h2>23.08.2022<\/h2>\n<p>Neuer Umschalttermin Digitales TV und\u00a0 Radio-Signal:<br \/>\nDienstag<strong>\u00a017 Januar 2023 um 02:00h.<\/strong> Ab diesem Datum ist ein Sendersuchlauf auf Ihrem TV-Ger\u00e4t zwingend notwendig.<\/p>\n<h2>18.07.2022<\/h2>\n<p><a href=\"https:\/\/www.breitband.ch\/ziefen\" target=\"_blank\" rel=\"noopener\">Das Angebot der Breitband f\u00fcr Ziefner Kunden steht!<\/a><\/p>\n<h2>25.06.2022<\/h2>\n<ul>\n<li>Zur Zeit erarbeitet die Breitband.ch ein Angebot f\u00fcr Kunden*innen die zur Breitband wechseln.<br \/>\nWir werden unsere Genossenschafter*innen pers\u00f6nlich anschreiben, sobald dieses Angebot verf\u00fcgbar ist.<br \/>\nEs wird auch auf der Homepage ver\u00f6ffentlicht.<\/li>\n<li>Sie m\u00fcssen jetzt noch nicht bei Sunrise\/UPC k\u00fcnden, bitte warten Sie das Wechselangebot ab.<\/li>\n<\/ul>\n<h2>21.06.2022<\/h2>\n<ul>\n<li>Umschalttermin Digitales TV und Radio-Signal <del><strong>08. November 2022\u00a0<\/strong><\/del><br \/>\num 02:00 Uhr &#8211;&gt; <strong>Ein Sendersuchlauf auf Ihrem TV Ger\u00e4t ist ab diesem Datum zwingend notwendig.<\/strong><\/li>\n<\/ul>\n<h2>18.06.2022<\/h2>\n<p><strong>Mitteilung an unsere Kunden<\/strong><\/p>\n<p>Ausgangslage: Die EBLcom hat der FGZ auf Ende 2022 den Signalliefervertrag aufgek\u00fcndet. Da der FGZ kein alternatives Angebot von Seiten der EBLcom unterbreitet wurde, hat der Vorstand folgende L\u00f6sung f\u00fcr die FGZ erarbeitet.<\/p>\n<p><strong>Einstimmiger Beschluss an der GV vom 08.06.2022:<\/strong><\/p>\n<p><strong>Der Signallieferant wird auf Ende 2022 gewechselt.<br \/>\n<\/strong><\/p>\n<p>Es gilt ab 2023:<\/p>\n<ul>\n<li>Die FGZ wird das TV und Radio-Signal von R. Geissmann Multimedianetze in Oberdorf beziehen.<\/li>\n<li>Internet-Dienste, wie Internet, Telefon, Replay-TV werden nur von der Breitband.ch (Improware von Pratteln) geliefert.<\/li>\n<li>Internet-Dienste von sunrise\/upc sind auf unserem Kabelnetz ab 2023 nicht mehr verf\u00fcgbar.<\/li>\n<li>Aufgrund des Umbaus sind Bandbreiten im ganzen Netz der FGZ bis zu 1Gbit\/s verf\u00fcgbar.<\/li>\n<\/ul>\n<p>Der Vorstand der Fernsehgenossenschaft Ziefen dankt f\u00fcr Ihr Verst\u00e4ndnis<\/p>\n","protected":false},"excerpt":{"rendered":"<p>\u00c4nderung Signallieferant Januar 2023: Die Signalumstellung findet am 17. januar\u00a0 ab 02:00h in der Nacht statt. Die neue Senderliste finden Sie &gt;hier&lt; Nach diesem Datum m\u00fcssen Sie auf Ihrem TV Ger\u00e4t einen Sendersuchlauf durchf\u00fchren. Bitte konsultieren Sie dazu die Anleitung ihres TV Ger\u00e4tes. Folgende Informationen ben\u00f6tigen Sie f\u00fcr den Suchlauf: Netzwerk-ID: 11123 Frequenz: 530.000 MHz &hellip; <\/p>\n<p class=\"link-more\"><a href=\"https:\/\/www.fgziefen.ch\/?page_id=762\" class=\"more-link\"><span class=\"screen-reader-text\">\u201eFGZ 2023\u201c <\/span>weiterlesen<\/a><\/p>\n","protected":false},"author":1,"featured_media":0,"parent":0,"menu_order":0,"comment_status":"closed","ping_status":"closed","template":"","meta":{"footnotes":""},"class_list":["post-762","page","type-page","status-publish","hentry"],"_links":{"self":[{"href":"https:\/\/www.fgziefen.ch\/index.php?rest_route=\/wp\/v2\/pages\/762","targetHints":{"allow":["GET"]}}],"collection":[{"href":"https:\/\/www.fgziefen.ch\/index.php?rest_route=\/wp\/v2\/pages"}],"about":[{"href":"https:\/\/www.fgziefen.ch\/index.php?rest_route=\/wp\/v2\/types\/page"}],"author":[{"embeddable":true,"href":"https:\/\/www.fgziefen.ch\/index.php?rest_route=\/wp\/v2\/users\/1"}],"replies":[{"embeddable":true,"href":"https:\/\/www.fgziefen.ch\/index.php?rest_route=%2Fwp%2Fv2%2Fcomments&post=762"}],"version-history":[{"count":21,"href":"https:\/\/www.fgziefen.ch\/index.php?rest_route=\/wp\/v2\/pages\/762\/revisions"}],"predecessor-version":[{"id":899,"href":"https:\/\/www.fgziefen.ch\/index.php?rest_route=\/wp\/v2\/pages\/762\/revisions\/899"}],"wp:attachment":[{"href":"https:\/\/www.fgziefen.ch\/index.php?rest_route=%2Fwp%2Fv2%2Fmedia&parent=762"}],"curies":[{"name":"wp","href":"https:\/\/api.w.org\/{rel}","templated":true}]}}